{"id":3029,"date":"2021-09-02T09:57:58","date_gmt":"2021-09-02T09:57:58","guid":{"rendered":"https:\/\/onehospital.mk\/?page_id=3029"},"modified":"2021-09-02T09:58:58","modified_gmt":"2021-09-02T09:58:58","slug":"center-for-occupational-health","status":"publish","type":"page","link":"https:\/\/onehospital.mk\/sq\/center-for-occupational-health\/","title":{"rendered":"CENTER FOR OCCUPATIONAL HEALTH"},"content":{"rendered":"<div data-elementor-type=\"wp-page\" data-elementor-id=\"3029\" class=\"elementor elementor-3029\" data-elementor-post-type=\"page\">\n\t\t\t\t\t\t\t\t\t<section data-particle_enable=\"false\" data-particle-mobile-disabled=\"false\" class=\"elementor-section elementor-top-section elementor-element elementor-element-6aa30ae3 elementor-section-boxed elementor-section-height-default elementor-section-height-default\" data-id=\"6aa30ae3\" data-element_type=\"section\">\n\t\t\t\t\t\t<div class=\"elementor-container elementor-column-gap-default\">\n\t\t\t\t\t<div class=\"elementor-column elementor-col-100 elementor-top-column elementor-element elementor-element-1e70c7e9\" data-id=\"1e70c7e9\" data-element_type=\"column\">\n\t\t\t<div class=\"elementor-widget-wrap elementor-element-populated\">\n\t\t\t\t\t\t\t\t<div class=\"elementor-element elementor-element-4739e6cb elementor-align-left elementor-widget elementor-widget-breadcrumbs\" data-id=\"4739e6cb\" data-element_type=\"widget\" data-widget_type=\"breadcrumbs.default\">\n\t\t\t\t<div class=\"elementor-widget-container\">\n\t\t\t<p id=\"breadcrumbs\"><span><span><a href=\"https:\/\/onehospital.mk\/sq\/\">Ballina<\/a><\/span><\/span><\/p>\t\t<\/div>\n\t\t\t\t<\/div>\n\t\t\t\t<div class=\"elementor-element elementor-element-33e79c88 elementor-widget elementor-widget-heading\" data-id=\"33e79c88\" data-element_type=\"widget\" data-widget_type=\"heading.default\">\n\t\t\t\t<div class=\"elementor-widget-container\">\n\t\t\t<h2 class=\"elementor-heading-title elementor-size-default\">CENTER FOR OCCUPATIONAL HEALTH<\/h2>\t\t<\/div>\n\t\t\t\t<\/div>\n\t\t\t\t<div class=\"elementor-element elementor-element-135619ed elementor-widget elementor-widget-image\" data-id=\"135619ed\" data-element_type=\"widget\" data-widget_type=\"image.default\">\n\t\t\t\t<div class=\"elementor-widget-container\">\n\t\t\t\t\t\t\t\t\t\t\t\t\t\t\t<img decoding=\"async\" width=\"80\" height=\"5\" src=\"https:\/\/onehospital.mk\/wp-content\/uploads\/2021\/06\/line_header.svg\" class=\"attachment-full size-full wp-image-99\" alt=\"\" \/>\t\t\t\t\t\t\t\t\t\t\t\t\t\t\t<\/div>\n\t\t\t\t<\/div>\n\t\t\t\t\t<\/div>\n\t\t<\/div>\n\t\t\t\t\t\t\t<\/div>\n\t\t<\/section>\n\t\t\t\t<section data-particle_enable=\"false\" data-particle-mobile-disabled=\"false\" class=\"elementor-section elementor-top-section elementor-element elementor-element-32508334 elementor-section-boxed elementor-section-height-default elementor-section-height-default\" data-id=\"32508334\" data-element_type=\"section\">\n\t\t\t\t\t\t<div class=\"elementor-container elementor-column-gap-default\">\n\t\t\t\t\t<div class=\"elementor-column elementor-col-100 elementor-top-column elementor-element elementor-element-39cdb480\" data-id=\"39cdb480\" data-element_type=\"column\">\n\t\t\t<div class=\"elementor-widget-wrap\">\n\t\t\t\t\t\t\t\t\t<\/div>\n\t\t<\/div>\n\t\t\t\t\t\t\t<\/div>\n\t\t<\/section>\n\t\t\t\t<section data-particle_enable=\"false\" data-particle-mobile-disabled=\"false\" class=\"elementor-section elementor-top-section elementor-element elementor-element-6b7400b0 elementor-section-boxed elementor-section-height-default elementor-section-height-default\" data-id=\"6b7400b0\" data-element_type=\"section\">\n\t\t\t\t\t\t<div class=\"elementor-container elementor-column-gap-default\">\n\t\t\t\t\t<div class=\"elementor-column elementor-col-100 elementor-top-column elementor-element elementor-element-5e2f78f7\" data-id=\"5e2f78f7\" data-element_type=\"column\">\n\t\t\t<div class=\"elementor-widget-wrap elementor-element-populated\">\n\t\t\t\t\t\t\t\t<div class=\"elementor-element elementor-element-268a7f6d elementor-grid-3 elementor-grid-tablet-2 elementor-grid-mobile-1 elementor-posts--thumbnail-top elementor-widget elementor-widget-posts\" data-id=\"268a7f6d\" data-element_type=\"widget\" data-settings=\"{&quot;pagination_type&quot;:&quot;numbers&quot;,&quot;classic_columns&quot;:&quot;3&quot;,&quot;classic_columns_tablet&quot;:&quot;2&quot;,&quot;classic_columns_mobile&quot;:&quot;1&quot;,&quot;classic_row_gap&quot;:{&quot;unit&quot;:&quot;px&quot;,&quot;size&quot;:35,&quot;sizes&quot;:[]},&quot;classic_row_gap_tablet&quot;:{&quot;unit&quot;:&quot;px&quot;,&quot;size&quot;:&quot;&quot;,&quot;sizes&quot;:[]},&quot;classic_row_gap_mobile&quot;:{&quot;unit&quot;:&quot;px&quot;,&quot;size&quot;:&quot;&quot;,&quot;sizes&quot;:[]}}\" data-widget_type=\"posts.classic\">\n\t\t\t\t<div class=\"elementor-widget-container\">\n\t\t\t\t\t<div class=\"elementor-posts-container elementor-posts elementor-posts--skin-classic elementor-grid\">\n\t\t\t\t<article class=\"elementor-post elementor-grid-item post-5454 post type-post status-publish format-standard has-post-thumbnail hentry category-abdominal-and-digestive-surgery-news category-aesthetic-dentistry-with-implantology-and-prosthetic-rehabilitation-news category-anesthesiology-news category-biochemical-laboratory-news category-blog category-blogu category-cardiology-news category-center-for-diagnostic-services-news category-center-for-occupational-health-news category-center-for-special-treatment-2 category-center-for-surgical-treatment-news category-center-of-woman-child-news category-endocrinology-news category-ent-interventions-news category-orthodontics-news category-gastroenterology-news category-general-surgery-news category-gynecology-news category-internal-medicine-news category-neurology-news category-news category-nutritionism-news category-occupational-medicine-news category-one-aesthetic-news category-one-news category-one-news_sq category-orthopedics-news category-orthopedics-and-traumatology-news category-pediatric-allergy-and-immunology-news category-pediatrics-news category-plastic-reconstructive-and-aesthetic-surgery-news category-radiology-news category-rheumatology-news category-thoracic-surgery-news category-uncategorized-mk category-uncategorized-sq category-urogynecological-interventions-news category-urology-news\">\n\t\t\t\t<a class=\"elementor-post__thumbnail__link\" href=\"https:\/\/onehospital.mk\/sq\/one-hospital-and-university-of-tetovo-partnership-to-support-the-universitys-volleyball-team-a-meeting-to-discuss-future-plans\/\" tabindex=\"-1\" >\n\t\t\t<div class=\"elementor-post__thumbnail\"><img fetchpriority=\"high\" decoding=\"async\" width=\"2560\" height=\"1440\" src=\"https:\/\/onehospital.mk\/wp-content\/uploads\/2023\/02\/DSC_4159.jpgs_-scaled.jpg\" class=\"attachment-full size-full wp-image-5469\" alt=\"\" srcset=\"https:\/\/onehospital.mk\/wp-content\/uploads\/2023\/02\/DSC_4159.jpgs_-scaled.jpg 2560w, https:\/\/onehospital.mk\/wp-content\/uploads\/2023\/02\/DSC_4159.jpgs_-300x169.jpg 300w, https:\/\/onehospital.mk\/wp-content\/uploads\/2023\/02\/DSC_4159.jpgs_-1024x576.jpg 1024w, https:\/\/onehospital.mk\/wp-content\/uploads\/2023\/02\/DSC_4159.jpgs_-768x432.jpg 768w, https:\/\/onehospital.mk\/wp-content\/uploads\/2023\/02\/DSC_4159.jpgs_-1536x864.jpg 1536w, https:\/\/onehospital.mk\/wp-content\/uploads\/2023\/02\/DSC_4159.jpgs_-2048x1152.jpg 2048w, https:\/\/onehospital.mk\/wp-content\/uploads\/2023\/02\/DSC_4159.jpgs_-18x10.jpg 18w\" sizes=\"(max-width: 2560px) 100vw, 2560px\" \/><\/div>\n\t\t<\/a>\n\t\t\t\t<div class=\"elementor-post__text\">\n\t\t\t\t<h3 class=\"elementor-post__title\">\n\t\t\t<a href=\"https:\/\/onehospital.mk\/sq\/one-hospital-and-university-of-tetovo-partnership-to-support-the-universitys-volleyball-team-a-meeting-to-discuss-future-plans\/\" >\n\t\t\t\tPartneriteti i One Hospital dhe Universitetit t\u00eb Tetov\u00ebs p\u00ebr t\u00eb mb\u00ebshtetur ekipin e volejbollit t\u00eb Universitetit: Takim p\u00ebr t\u00eb diskutuar planet e s\u00eb ardhmes\t\t\t<\/a>\n\t\t<\/h3>\n\t\t\t\t<\/div>\n\t\t\t\t<\/article>\n\t\t\t\t<article class=\"elementor-post elementor-grid-item post-5431 post type-post status-publish format-standard has-post-thumbnail hentry category-abdominal-and-digestive-surgery-news category-aesthetic-dentistry-with-implantology-and-prosthetic-rehabilitation-news category-anesthesiology-news category-biochemical-laboratory-news category-blog category-blogu category-cardiology-news category-center-for-diagnostic-services-news category-center-for-occupational-health-news category-center-for-special-treatment-2 category-center-for-surgical-treatment-news category-center-of-woman-child-news category-endocrinology-news category-ent-interventions-news category-orthodontics-news category-gastroenterology-news category-general-surgery-news category-gynecology-news category-internal-medicine-news category-neurology-news category-news category-nutritionism-news category-occupational-medicine-news category-one-aesthetic-news category-one-news category-one-news_sq category-orthopedics-news category-orthopedics-and-traumatology-news category-pediatric-allergy-and-immunology-news category-pediatrics-news category-plastic-reconstructive-and-aesthetic-surgery-news category-radiology-news category-rheumatology-news category-thoracic-surgery-news category-uncategorized-mk category-urogynecological-interventions-news category-urology-news\">\n\t\t\t\t<a class=\"elementor-post__thumbnail__link\" href=\"https:\/\/onehospital.mk\/sq\/nje-spital-dhe-k-b-rabotnicki-score-i-madh-ne-shendet-dhe-mireqenie-me-ne\/\" tabindex=\"-1\" >\n\t\t\t<div class=\"elementor-post__thumbnail\"><img decoding=\"async\" width=\"1000\" height=\"563\" src=\"https:\/\/onehospital.mk\/wp-content\/uploads\/2023\/01\/7.png\" class=\"attachment-full size-full wp-image-5441\" alt=\"\" srcset=\"https:\/\/onehospital.mk\/wp-content\/uploads\/2023\/01\/7.png 1000w, https:\/\/onehospital.mk\/wp-content\/uploads\/2023\/01\/7-300x169.png 300w, https:\/\/onehospital.mk\/wp-content\/uploads\/2023\/01\/7-768x432.png 768w, https:\/\/onehospital.mk\/wp-content\/uploads\/2023\/01\/7-18x10.png 18w\" sizes=\"(max-width: 1000px) 100vw, 1000px\" \/><\/div>\n\t\t<\/a>\n\t\t\t\t<div class=\"elementor-post__text\">\n\t\t\t\t<h3 class=\"elementor-post__title\">\n\t\t\t<a href=\"https:\/\/onehospital.mk\/sq\/nje-spital-dhe-k-b-rabotnicki-score-i-madh-ne-shendet-dhe-mireqenie-me-ne\/\" >\n\t\t\t\tOne Hospital dhe K.B Rabotnicki: \u201cMe ne sh\u00ebnoni rezultate t\u00eb m\u00ebdha n\u00eb sh\u00ebndet dhe mir\u00ebqenie\u201d\t\t\t<\/a>\n\t\t<\/h3>\n\t\t\t\t<\/div>\n\t\t\t\t<\/article>\n\t\t\t\t<article class=\"elementor-post elementor-grid-item post-2850 post type-post status-publish format-standard has-post-thumbnail hentry category-center-for-occupational-health-news\">\n\t\t\t\t<a class=\"elementor-post__thumbnail__link\" href=\"https:\/\/onehospital.mk\/sq\/%d0%b2%d0%b0%d0%b6%d0%bd%d0%be%d1%81%d1%82%d0%b0-%d0%bd%d0%b0-%d1%81%d0%b8%d1%81%d1%82%d0%b5%d0%bc%d0%b0%d1%82%d1%81%d0%ba%d0%b8%d1%82%d0%b5-%d0%bf%d1%80%d0%b5%d0%b3%d0%bb%d0%b5%d0%b4%d0%b8-%d0%b2\/\" tabindex=\"-1\" >\n\t\t\t<div class=\"elementor-post__thumbnail\"><img loading=\"lazy\" decoding=\"async\" width=\"860\" height=\"860\" src=\"https:\/\/onehospital.mk\/wp-content\/uploads\/2021\/08\/interview-860x860-1.jpeg\" class=\"attachment-full size-full wp-image-2851\" alt=\"\" srcset=\"https:\/\/onehospital.mk\/wp-content\/uploads\/2021\/08\/interview-860x860-1.jpeg 860w, https:\/\/onehospital.mk\/wp-content\/uploads\/2021\/08\/interview-860x860-1-300x300.jpeg 300w, https:\/\/onehospital.mk\/wp-content\/uploads\/2021\/08\/interview-860x860-1-150x150.jpeg 150w, https:\/\/onehospital.mk\/wp-content\/uploads\/2021\/08\/interview-860x860-1-768x768.jpeg 768w, https:\/\/onehospital.mk\/wp-content\/uploads\/2021\/08\/interview-860x860-1-12x12.jpeg 12w\" sizes=\"(max-width: 860px) 100vw, 860px\" \/><\/div>\n\t\t<\/a>\n\t\t\t\t<div class=\"elementor-post__text\">\n\t\t\t\t<h3 class=\"elementor-post__title\">\n\t\t\t<a href=\"https:\/\/onehospital.mk\/sq\/%d0%b2%d0%b0%d0%b6%d0%bd%d0%be%d1%81%d1%82%d0%b0-%d0%bd%d0%b0-%d1%81%d0%b8%d1%81%d1%82%d0%b5%d0%bc%d0%b0%d1%82%d1%81%d0%ba%d0%b8%d1%82%d0%b5-%d0%bf%d1%80%d0%b5%d0%b3%d0%bb%d0%b5%d0%b4%d0%b8-%d0%b2\/\" >\n\t\t\t\t\u0412\u0430\u0436\u043d\u043e\u0441\u0442\u0430 \u043d\u0430 \u0441\u0438\u0441\u0442\u0435\u043c\u0430\u0442\u0441\u043a\u0438\u0442\u0435 \u043f\u0440\u0435\u0433\u043b\u0435\u0434\u0438 \u0432\u043e \u043f\u0435\u0440\u0438\u043e\u0434 \u043d\u0430 \u043f\u0430\u043d\u0434\u0435\u043c\u0438\u0458\u0430 \u0441\u043e Covid-19\t\t\t<\/a>\n\t\t<\/h3>\n\t\t\t\t<\/div>\n\t\t\t\t<\/article>\n\t\t\t\t<article class=\"elementor-post elementor-grid-item post-2847 post type-post status-publish format-standard has-post-thumbnail hentry category-center-for-occupational-health-news\">\n\t\t\t\t<a class=\"elementor-post__thumbnail__link\" href=\"https:\/\/onehospital.mk\/sq\/%d0%bb%d0%b5%d0%ba%d0%b0%d1%80%d1%81%d0%ba%d0%b8-%d1%83%d0%b2%d0%b5%d1%80%d0%b5%d0%bd%d0%b8%d1%98%d0%b0\/\" tabindex=\"-1\" >\n\t\t\t<div class=\"elementor-post__thumbnail\"><img loading=\"lazy\" decoding=\"async\" width=\"860\" height=\"860\" src=\"https:\/\/onehospital.mk\/wp-content\/uploads\/2021\/08\/lekarsko-uverenie-1-860x860-1.jpeg\" class=\"attachment-full size-full wp-image-2848\" alt=\"\" srcset=\"https:\/\/onehospital.mk\/wp-content\/uploads\/2021\/08\/lekarsko-uverenie-1-860x860-1.jpeg 860w, https:\/\/onehospital.mk\/wp-content\/uploads\/2021\/08\/lekarsko-uverenie-1-860x860-1-300x300.jpeg 300w, https:\/\/onehospital.mk\/wp-content\/uploads\/2021\/08\/lekarsko-uverenie-1-860x860-1-150x150.jpeg 150w, https:\/\/onehospital.mk\/wp-content\/uploads\/2021\/08\/lekarsko-uverenie-1-860x860-1-768x768.jpeg 768w, https:\/\/onehospital.mk\/wp-content\/uploads\/2021\/08\/lekarsko-uverenie-1-860x860-1-12x12.jpeg 12w\" sizes=\"(max-width: 860px) 100vw, 860px\" \/><\/div>\n\t\t<\/a>\n\t\t\t\t<div class=\"elementor-post__text\">\n\t\t\t\t<h3 class=\"elementor-post__title\">\n\t\t\t<a href=\"https:\/\/onehospital.mk\/sq\/%d0%bb%d0%b5%d0%ba%d0%b0%d1%80%d1%81%d0%ba%d0%b8-%d1%83%d0%b2%d0%b5%d1%80%d0%b5%d0%bd%d0%b8%d1%98%d0%b0\/\" >\n\t\t\t\t\u041b\u0435\u043a\u0430\u0440\u0441\u043a\u0438 \u0443\u0432\u0435\u0440\u0435\u043d\u0438\u0458\u0430\t\t\t<\/a>\n\t\t<\/h3>\n\t\t\t\t<\/div>\n\t\t\t\t<\/article>\n\t\t\t\t<\/div>\n\t\t\n\t\t\t\t<\/div>\n\t\t\t\t<\/div>\n\t\t\t\t\t<\/div>\n\t\t<\/div>\n\t\t\t\t\t\t\t<\/div>\n\t\t<\/section>\n\t\t\t\t\t\t\t<\/div>","protected":false},"excerpt":{"rendered":"<p>CENTER FOR OCCUPATIONAL HEALTH<\/p>","protected":false},"author":4,"featured_media":0,"parent":0,"menu_order":0,"comment_status":"closed","ping_status":"closed","template":"","meta":{"inline_featured_image":false,"footnotes":""},"class_list":["post-3029","page","type-page","status-publish","hentry"],"acf":[],"yoast_head":"<!-- This site is optimized with the Yoast SEO plugin v21.6 - https:\/\/yoast.com\/wordpress\/plugins\/seo\/ -->\n<title>CENTER FOR OCCUPATIONAL HEALTH - One Hospital<\/title>\n<meta name=\"robots\" content=\"index, follow, max-snippet:-1, max-image-preview:large, max-video-preview:-1\" \/>\n<link rel=\"canonical\" href=\"https:\/\/onehospital.mk\/sq\/center-for-occupational-health\/\" \/>\n<meta property=\"og:locale\" content=\"sq_AL\" \/>\n<meta property=\"og:type\" content=\"article\" \/>\n<meta property=\"og:title\" content=\"CENTER FOR OCCUPATIONAL HEALTH - One Hospital\" \/>\n<meta property=\"og:description\" content=\"CENTER FOR OCCUPATIONAL HEALTH\" \/>\n<meta property=\"og:url\" content=\"https:\/\/onehospital.mk\/sq\/center-for-occupational-health\/\" \/>\n<meta property=\"og:site_name\" content=\"One Hospital\" \/>\n<meta property=\"article:publisher\" content=\"https:\/\/www.facebook.com\/onehospitalmk\" \/>\n<meta property=\"article:modified_time\" content=\"2021-09-02T09:58:58+00:00\" \/>\n<meta property=\"og:image\" content=\"https:\/\/onehospital.mk\/wp-content\/uploads\/2021\/06\/line_header.svg\" \/>\n<meta name=\"twitter:card\" content=\"summary_large_image\" \/>\n<meta name=\"twitter:label1\" content=\"Est. reading time\" \/>\n\t<meta name=\"twitter:data1\" content=\"1 minut\u00eb\" \/>\n<script type=\"application\/ld+json\" class=\"yoast-schema-graph\">{\"@context\":\"https:\/\/schema.org\",\"@graph\":[{\"@type\":\"WebPage\",\"@id\":\"https:\/\/onehospital.mk\/center-for-occupational-health\/\",\"url\":\"https:\/\/onehospital.mk\/center-for-occupational-health\/\",\"name\":\"CENTER FOR OCCUPATIONAL HEALTH - One Hospital\",\"isPartOf\":{\"@id\":\"https:\/\/onehospital.mk\/#website\"},\"datePublished\":\"2021-09-02T09:57:58+00:00\",\"dateModified\":\"2021-09-02T09:58:58+00:00\",\"breadcrumb\":{\"@id\":\"https:\/\/onehospital.mk\/center-for-occupational-health\/#breadcrumb\"},\"inLanguage\":\"sq\",\"potentialAction\":[{\"@type\":\"ReadAction\",\"target\":[\"https:\/\/onehospital.mk\/center-for-occupational-health\/\"]}]},{\"@type\":\"BreadcrumbList\",\"@id\":\"https:\/\/onehospital.mk\/center-for-occupational-health\/#breadcrumb\",\"itemListElement\":[{\"@type\":\"ListItem\",\"position\":1,\"name\":\"Home\",\"item\":\"https:\/\/onehospital.mk\/\"},{\"@type\":\"ListItem\",\"position\":2,\"name\":\"CENTER FOR OCCUPATIONAL HEALTH\"}]},{\"@type\":\"WebSite\",\"@id\":\"https:\/\/onehospital.mk\/#website\",\"url\":\"https:\/\/onehospital.mk\/\",\"name\":\"One Hospital\",\"description\":\"at any time for you!\",\"potentialAction\":[{\"@type\":\"SearchAction\",\"target\":{\"@type\":\"EntryPoint\",\"urlTemplate\":\"https:\/\/onehospital.mk\/?s={search_term_string}\"},\"query-input\":\"required name=search_term_string\"}],\"inLanguage\":\"sq\"}]}<\/script>\n<!-- \/ Yoast SEO plugin. -->","yoast_head_json":{"title":"CENTER FOR OCCUPATIONAL HEALTH - One Hospital","robots":{"index":"index","follow":"follow","max-snippet":"max-snippet:-1","max-image-preview":"max-image-preview:large","max-video-preview":"max-video-preview:-1"},"canonical":"https:\/\/onehospital.mk\/sq\/center-for-occupational-health\/","og_locale":"sq_AL","og_type":"article","og_title":"CENTER FOR OCCUPATIONAL HEALTH - One Hospital","og_description":"CENTER FOR OCCUPATIONAL HEALTH","og_url":"https:\/\/onehospital.mk\/sq\/center-for-occupational-health\/","og_site_name":"One Hospital","article_publisher":"https:\/\/www.facebook.com\/onehospitalmk","article_modified_time":"2021-09-02T09:58:58+00:00","og_image":[{"url":"https:\/\/onehospital.mk\/wp-content\/uploads\/2021\/06\/line_header.svg"}],"twitter_card":"summary_large_image","twitter_misc":{"Est. reading time":"1 minut\u00eb"},"schema":{"@context":"https:\/\/schema.org","@graph":[{"@type":"WebPage","@id":"https:\/\/onehospital.mk\/center-for-occupational-health\/","url":"https:\/\/onehospital.mk\/center-for-occupational-health\/","name":"CENTER FOR OCCUPATIONAL HEALTH - One Hospital","isPartOf":{"@id":"https:\/\/onehospital.mk\/#website"},"datePublished":"2021-09-02T09:57:58+00:00","dateModified":"2021-09-02T09:58:58+00:00","breadcrumb":{"@id":"https:\/\/onehospital.mk\/center-for-occupational-health\/#breadcrumb"},"inLanguage":"sq","potentialAction":[{"@type":"ReadAction","target":["https:\/\/onehospital.mk\/center-for-occupational-health\/"]}]},{"@type":"BreadcrumbList","@id":"https:\/\/onehospital.mk\/center-for-occupational-health\/#breadcrumb","itemListElement":[{"@type":"ListItem","position":1,"name":"Home","item":"https:\/\/onehospital.mk\/"},{"@type":"ListItem","position":2,"name":"CENTER FOR OCCUPATIONAL HEALTH"}]},{"@type":"WebSite","@id":"https:\/\/onehospital.mk\/#website","url":"https:\/\/onehospital.mk\/","name":"One Hospital","description":"at any time for you!","potentialAction":[{"@type":"SearchAction","target":{"@type":"EntryPoint","urlTemplate":"https:\/\/onehospital.mk\/?s={search_term_string}"},"query-input":"required name=search_term_string"}],"inLanguage":"sq"}]}},"_links":{"self":[{"href":"https:\/\/onehospital.mk\/sq\/wp-json\/wp\/v2\/pages\/3029","targetHints":{"allow":["GET"]}}],"collection":[{"href":"https:\/\/onehospital.mk\/sq\/wp-json\/wp\/v2\/pages"}],"about":[{"href":"https:\/\/onehospital.mk\/sq\/wp-json\/wp\/v2\/types\/page"}],"author":[{"embeddable":true,"href":"https:\/\/onehospital.mk\/sq\/wp-json\/wp\/v2\/users\/4"}],"replies":[{"embeddable":true,"href":"https:\/\/onehospital.mk\/sq\/wp-json\/wp\/v2\/comments?post=3029"}],"version-history":[{"count":7,"href":"https:\/\/onehospital.mk\/sq\/wp-json\/wp\/v2\/pages\/3029\/revisions"}],"predecessor-version":[{"id":3037,"href":"https:\/\/onehospital.mk\/sq\/wp-json\/wp\/v2\/pages\/3029\/revisions\/3037"}],"wp:attachment":[{"href":"https:\/\/onehospital.mk\/sq\/wp-json\/wp\/v2\/media?parent=3029"}],"curies":[{"name":"wp","href":"https:\/\/api.w.org\/{rel}","templated":true}]}}