{"id":2253,"date":"2021-08-05T13:34:43","date_gmt":"2021-08-05T13:34:43","guid":{"rendered":"https:\/\/onehospital.mk\/?page_id=2253"},"modified":"2021-08-30T10:41:33","modified_gmt":"2021-08-30T10:41:33","slug":"biochemical-laboratory","status":"publish","type":"page","link":"https:\/\/onehospital.mk\/sq\/departamentet\/biochemical-laboratory\/","title":{"rendered":"Laborator biokimik"},"content":{"rendered":"<div data-elementor-type=\"wp-page\" data-elementor-id=\"2253\" class=\"elementor elementor-2253\" data-elementor-post-type=\"page\">\n\t\t\t\t\t\t\t\t\t<section data-particle_enable=\"false\" data-particle-mobile-disabled=\"false\" class=\"elementor-section elementor-top-section elementor-element elementor-element-6be57fe2 elementor-section-boxed elementor-section-height-default elementor-section-height-default\" data-id=\"6be57fe2\" data-element_type=\"section\">\n\t\t\t\t\t\t<div class=\"elementor-container elementor-column-gap-default\">\n\t\t\t\t\t<div class=\"elementor-column elementor-col-100 elementor-top-column elementor-element elementor-element-2a1a7add\" data-id=\"2a1a7add\" data-element_type=\"column\">\n\t\t\t<div class=\"elementor-widget-wrap elementor-element-populated\">\n\t\t\t\t\t\t\t\t<div class=\"elementor-element elementor-element-5951ff2d elementor-align-left elementor-widget elementor-widget-breadcrumbs\" data-id=\"5951ff2d\" data-element_type=\"widget\" data-widget_type=\"breadcrumbs.default\">\n\t\t\t\t<div class=\"elementor-widget-container\">\n\t\t\t<p id=\"breadcrumbs\"><span><span><a href=\"https:\/\/onehospital.mk\/sq\/\">Ballina<\/a><\/span><\/span><\/p>\t\t<\/div>\n\t\t\t\t<\/div>\n\t\t\t\t<div class=\"elementor-element elementor-element-42b05a2 elementor-widget elementor-widget-heading\" data-id=\"42b05a2\" data-element_type=\"widget\" data-widget_type=\"heading.default\">\n\t\t\t\t<div class=\"elementor-widget-container\">\n\t\t\t<h2 class=\"elementor-heading-title elementor-size-default\">Laborator biokimik<\/h2>\t\t<\/div>\n\t\t\t\t<\/div>\n\t\t\t\t<div class=\"elementor-element elementor-element-260de874 elementor-widget elementor-widget-image\" data-id=\"260de874\" data-element_type=\"widget\" data-widget_type=\"image.default\">\n\t\t\t\t<div class=\"elementor-widget-container\">\n\t\t\t\t\t\t\t\t\t\t\t\t\t\t\t<img decoding=\"async\" width=\"80\" height=\"5\" src=\"https:\/\/onehospital.mk\/wp-content\/uploads\/2021\/06\/line_header.svg\" class=\"attachment-full size-full wp-image-99\" alt=\"\" \/>\t\t\t\t\t\t\t\t\t\t\t\t\t\t\t<\/div>\n\t\t\t\t<\/div>\n\t\t\t\t\t<\/div>\n\t\t<\/div>\n\t\t\t\t\t\t\t<\/div>\n\t\t<\/section>\n\t\t\t\t<section data-particle_enable=\"false\" data-particle-mobile-disabled=\"false\" class=\"elementor-section elementor-top-section elementor-element elementor-element-5a1637d0 elementor-section-boxed elementor-section-height-default elementor-section-height-default\" data-id=\"5a1637d0\" data-element_type=\"section\">\n\t\t\t\t\t\t<div class=\"elementor-container elementor-column-gap-default\">\n\t\t\t\t\t<div class=\"elementor-column elementor-col-100 elementor-top-column elementor-element elementor-element-24bd49f8\" data-id=\"24bd49f8\" data-element_type=\"column\">\n\t\t\t<div class=\"elementor-widget-wrap elementor-element-populated\">\n\t\t\t\t\t\t\t\t<section data-particle_enable=\"false\" data-particle-mobile-disabled=\"false\" class=\"elementor-section elementor-inner-section elementor-element elementor-element-3246c5b4 elementor-section-boxed elementor-section-height-default elementor-section-height-default\" data-id=\"3246c5b4\" data-element_type=\"section\">\n\t\t\t\t\t\t<div class=\"elementor-container elementor-column-gap-default\">\n\t\t\t\t\t<div class=\"elementor-column elementor-col-50 elementor-inner-column elementor-element elementor-element-620da30b\" data-id=\"620da30b\" data-element_type=\"column\">\n\t\t\t<div class=\"elementor-widget-wrap elementor-element-populated\">\n\t\t\t\t\t\t\t\t<div class=\"elementor-element elementor-element-429dd460 elementor-widget elementor-widget-text-editor\" data-id=\"429dd460\" data-element_type=\"widget\" data-widget_type=\"text-editor.default\">\n\t\t\t\t<div class=\"elementor-widget-container\">\n\t\t\t\t\t\t\t<p>Cil\u00ebsia e rezultateve laboratorike \u00ebsht\u00eb nj\u00eb baz\u00eb thelb\u00ebsore p\u00ebr vendosjen e nj\u00eb diagnoze t\u00eb duhur dhe krijimin e terapis\u00eb s\u00eb duhur p\u00ebr pacientin. Menaxhimi i cil\u00ebsis\u00eb s\u00eb t\u00eb gjitha proceseve laboratorike (marrja e mostrave dhe transporti i mostrave, analiza laboratorike, ruajtja e mostrave dhe rezultateve, interpretimi i rezultateve t\u00eb marra) garanton besim n\u00eb rezultatet laboratorit t\u00eb One Hospital.<\/p><p>Q\u00ebllimi yn\u00eb \u00ebsht\u00eb q\u00eb t\u00eb p\u00ebrmir\u00ebsojm\u00eb vazhdimisht ekzaminimet tona dhe t\u00eb p\u00ebrmbushim cil\u00ebsin\u00eb dhe kualifikimet teknike p\u00ebr t\u00eb p\u00ebrmbushur standardet dhe specifikimet m\u00eb t\u00eb k\u00ebrkuara, duke siguruar klient\u00ebve tan\u00eb nivelin m\u00eb t\u00eb lart\u00eb t\u00eb besimit n\u00eb raportin ton\u00eb laboratorik.<\/p><p>Bashk\u00ebpunimi dhe komunikimi i mir\u00eb me p\u00ebrdoruesit e sh\u00ebrbimeve jan\u00eb baza p\u00ebr nj\u00eb rezultat t\u00eb k\u00ebnaqsh\u00ebm.<\/p><p><br \/>N\u00ebse keni ndonj\u00eb pyetje, ju lutemi na kontaktoni n\u00eb:\u00a0<a href=\"mailto: contact@onehospital.mk\">contact@onehospital.mk<\/a>\u00a0ose +389 (0) 44 344 414<\/p><p><br \/>P\u00ebr t\u00eb caktuar termin kliko\u00a0<a href=\"https:\/\/onehospital.mk\/sq\/appointment\/\">k\u00ebtu.<\/a><\/p>\t\t\t\t\t\t<\/div>\n\t\t\t\t<\/div>\n\t\t\t\t\t<\/div>\n\t\t<\/div>\n\t\t\t\t<div class=\"elementor-column elementor-col-50 elementor-inner-column elementor-element elementor-element-770d4c83\" data-id=\"770d4c83\" data-element_type=\"column\">\n\t\t\t<div class=\"elementor-widget-wrap elementor-element-populated\">\n\t\t\t\t\t\t\t\t<div class=\"elementor-element elementor-element-327f8c35 elementor-widget elementor-widget-image\" data-id=\"327f8c35\" data-element_type=\"widget\" data-widget_type=\"image.default\">\n\t\t\t\t<div class=\"elementor-widget-container\">\n\t\t\t\t\t\t\t\t\t\t\t\t\t\t\t<img fetchpriority=\"high\" decoding=\"async\" width=\"1620\" height=\"1080\" src=\"https:\/\/onehospital.mk\/wp-content\/uploads\/2021\/07\/07_Biochemical-Laboratory.jpg\" class=\"attachment-full size-full wp-image-1358\" alt=\"\" srcset=\"https:\/\/onehospital.mk\/wp-content\/uploads\/2021\/07\/07_Biochemical-Laboratory.jpg 1620w, https:\/\/onehospital.mk\/wp-content\/uploads\/2021\/07\/07_Biochemical-Laboratory-300x200.jpg 300w, https:\/\/onehospital.mk\/wp-content\/uploads\/2021\/07\/07_Biochemical-Laboratory-1024x683.jpg 1024w, https:\/\/onehospital.mk\/wp-content\/uploads\/2021\/07\/07_Biochemical-Laboratory-768x512.jpg 768w, https:\/\/onehospital.mk\/wp-content\/uploads\/2021\/07\/07_Biochemical-Laboratory-1536x1024.jpg 1536w\" sizes=\"(max-width: 1620px) 100vw, 1620px\" \/>\t\t\t\t\t\t\t\t\t\t\t\t\t\t\t<\/div>\n\t\t\t\t<\/div>\n\t\t\t\t\t<\/div>\n\t\t<\/div>\n\t\t\t\t\t\t\t<\/div>\n\t\t<\/section>\n\t\t\t\t\t<\/div>\n\t\t<\/div>\n\t\t\t\t\t\t\t<\/div>\n\t\t<\/section>\n\t\t\t\t<section data-particle_enable=\"false\" data-particle-mobile-disabled=\"false\" class=\"elementor-section elementor-top-section elementor-element elementor-element-e56a956 elementor-section-boxed elementor-section-height-default elementor-section-height-default\" data-id=\"e56a956\" data-element_type=\"section\" data-settings=\"{&quot;background_background&quot;:&quot;classic&quot;}\">\n\t\t\t\t\t\t<div class=\"elementor-container elementor-column-gap-default\">\n\t\t\t\t\t<div class=\"elementor-column elementor-col-100 elementor-top-column elementor-element elementor-element-68858a81\" data-id=\"68858a81\" data-element_type=\"column\">\n\t\t\t<div class=\"elementor-widget-wrap elementor-element-populated\">\n\t\t\t\t\t\t\t\t<div class=\"elementor-element elementor-element-69843802 elementor-widget elementor-widget-heading\" data-id=\"69843802\" data-element_type=\"widget\" data-widget_type=\"heading.default\">\n\t\t\t\t<div class=\"elementor-widget-container\">\n\t\t\t<h3 class=\"elementor-heading-title elementor-size-default\">Mjek\u00ebt<\/h3>\t\t<\/div>\n\t\t\t\t<\/div>\n\t\t\t\t\t<\/div>\n\t\t<\/div>\n\t\t\t\t\t\t\t<\/div>\n\t\t<\/section>\n\t\t\t\t<section data-particle_enable=\"false\" data-particle-mobile-disabled=\"false\" class=\"elementor-section elementor-top-section elementor-element elementor-element-5f0a25d5 elementor-section-boxed elementor-section-height-default elementor-section-height-default\" data-id=\"5f0a25d5\" data-element_type=\"section\" data-settings=\"{&quot;background_background&quot;:&quot;classic&quot;}\">\n\t\t\t\t\t\t<div class=\"elementor-container elementor-column-gap-default\">\n\t\t\t\t\t<div class=\"elementor-column elementor-col-100 elementor-top-column elementor-element elementor-element-29335754\" data-id=\"29335754\" data-element_type=\"column\">\n\t\t\t<div class=\"elementor-widget-wrap elementor-element-populated\">\n\t\t\t\t\t\t\t\t<div class=\"elementor-element elementor-element-813ef07 elementor-widget elementor-widget-heading\" data-id=\"813ef07\" data-element_type=\"widget\" data-widget_type=\"heading.default\">\n\t\t\t\t<div class=\"elementor-widget-container\">\n\t\t\t<h3 class=\"elementor-heading-title elementor-size-default\">Biochemical Laboratory - News<\/h3>\t\t<\/div>\n\t\t\t\t<\/div>\n\t\t\t\t<div class=\"elementor-element elementor-element-7486123a elementor-posts--align-left elementor-grid-3 elementor-grid-tablet-2 elementor-grid-mobile-1 elementor-posts--thumbnail-top elementor-widget elementor-widget-posts\" data-id=\"7486123a\" data-element_type=\"widget\" data-settings=\"{&quot;classic_columns&quot;:&quot;3&quot;,&quot;classic_columns_tablet&quot;:&quot;2&quot;,&quot;classic_columns_mobile&quot;:&quot;1&quot;,&quot;classic_row_gap&quot;:{&quot;unit&quot;:&quot;px&quot;,&quot;size&quot;:35,&quot;sizes&quot;:[]},&quot;classic_row_gap_tablet&quot;:{&quot;unit&quot;:&quot;px&quot;,&quot;size&quot;:&quot;&quot;,&quot;sizes&quot;:[]},&quot;classic_row_gap_mobile&quot;:{&quot;unit&quot;:&quot;px&quot;,&quot;size&quot;:&quot;&quot;,&quot;sizes&quot;:[]}}\" data-widget_type=\"posts.classic\">\n\t\t\t\t<div class=\"elementor-widget-container\">\n\t\t\t\t\t<div class=\"elementor-posts-container elementor-posts elementor-posts--skin-classic elementor-grid\">\n\t\t\t\t<article class=\"elementor-post elementor-grid-item post-5454 post type-post status-publish format-standard has-post-thumbnail hentry category-abdominal-and-digestive-surgery-news category-aesthetic-dentistry-with-implantology-and-prosthetic-rehabilitation-news category-anesthesiology-news category-biochemical-laboratory-news category-blog category-blogu category-cardiology-news category-center-for-diagnostic-services-news category-center-for-occupational-health-news category-center-for-special-treatment-2 category-center-for-surgical-treatment-news category-center-of-woman-child-news category-endocrinology-news category-ent-interventions-news category-orthodontics-news category-gastroenterology-news category-general-surgery-news category-gynecology-news category-internal-medicine-news category-neurology-news category-news category-nutritionism-news category-occupational-medicine-news category-one-aesthetic-news category-one-news category-one-news_sq category-orthopedics-news category-orthopedics-and-traumatology-news category-pediatric-allergy-and-immunology-news category-pediatrics-news category-plastic-reconstructive-and-aesthetic-surgery-news category-radiology-news category-rheumatology-news category-thoracic-surgery-news category-uncategorized-mk category-uncategorized-sq category-urogynecological-interventions-news category-urology-news\">\n\t\t\t\t<a class=\"elementor-post__thumbnail__link\" href=\"https:\/\/onehospital.mk\/sq\/one-hospital-and-university-of-tetovo-partnership-to-support-the-universitys-volleyball-team-a-meeting-to-discuss-future-plans\/\" tabindex=\"-1\" >\n\t\t\t<div class=\"elementor-post__thumbnail\"><img decoding=\"async\" width=\"2560\" height=\"1440\" src=\"https:\/\/onehospital.mk\/wp-content\/uploads\/2023\/02\/DSC_4159.jpgs_-scaled.jpg\" class=\"attachment-full size-full wp-image-5469\" alt=\"\" srcset=\"https:\/\/onehospital.mk\/wp-content\/uploads\/2023\/02\/DSC_4159.jpgs_-scaled.jpg 2560w, https:\/\/onehospital.mk\/wp-content\/uploads\/2023\/02\/DSC_4159.jpgs_-300x169.jpg 300w, https:\/\/onehospital.mk\/wp-content\/uploads\/2023\/02\/DSC_4159.jpgs_-1024x576.jpg 1024w, https:\/\/onehospital.mk\/wp-content\/uploads\/2023\/02\/DSC_4159.jpgs_-768x432.jpg 768w, https:\/\/onehospital.mk\/wp-content\/uploads\/2023\/02\/DSC_4159.jpgs_-1536x864.jpg 1536w, https:\/\/onehospital.mk\/wp-content\/uploads\/2023\/02\/DSC_4159.jpgs_-2048x1152.jpg 2048w, https:\/\/onehospital.mk\/wp-content\/uploads\/2023\/02\/DSC_4159.jpgs_-18x10.jpg 18w\" sizes=\"(max-width: 2560px) 100vw, 2560px\" \/><\/div>\n\t\t<\/a>\n\t\t\t\t<div class=\"elementor-post__text\">\n\t\t\t\t<h3 class=\"elementor-post__title\">\n\t\t\t<a href=\"https:\/\/onehospital.mk\/sq\/one-hospital-and-university-of-tetovo-partnership-to-support-the-universitys-volleyball-team-a-meeting-to-discuss-future-plans\/\" >\n\t\t\t\tPartneriteti i One Hospital dhe Universitetit t\u00eb Tetov\u00ebs p\u00ebr t\u00eb mb\u00ebshtetur ekipin e volejbollit t\u00eb Universitetit: Takim p\u00ebr t\u00eb diskutuar planet e s\u00eb ardhmes\t\t\t<\/a>\n\t\t<\/h3>\n\t\t\t\t<\/div>\n\t\t\t\t<\/article>\n\t\t\t\t<article class=\"elementor-post elementor-grid-item post-5431 post type-post status-publish format-standard has-post-thumbnail hentry category-abdominal-and-digestive-surgery-news category-aesthetic-dentistry-with-implantology-and-prosthetic-rehabilitation-news category-anesthesiology-news category-biochemical-laboratory-news category-blog category-blogu category-cardiology-news category-center-for-diagnostic-services-news category-center-for-occupational-health-news category-center-for-special-treatment-2 category-center-for-surgical-treatment-news category-center-of-woman-child-news category-endocrinology-news category-ent-interventions-news category-orthodontics-news category-gastroenterology-news category-general-surgery-news category-gynecology-news category-internal-medicine-news category-neurology-news category-news category-nutritionism-news category-occupational-medicine-news category-one-aesthetic-news category-one-news category-one-news_sq category-orthopedics-news category-orthopedics-and-traumatology-news category-pediatric-allergy-and-immunology-news category-pediatrics-news category-plastic-reconstructive-and-aesthetic-surgery-news category-radiology-news category-rheumatology-news category-thoracic-surgery-news category-uncategorized-mk category-urogynecological-interventions-news category-urology-news\">\n\t\t\t\t<a class=\"elementor-post__thumbnail__link\" href=\"https:\/\/onehospital.mk\/sq\/nje-spital-dhe-k-b-rabotnicki-score-i-madh-ne-shendet-dhe-mireqenie-me-ne\/\" tabindex=\"-1\" >\n\t\t\t<div class=\"elementor-post__thumbnail\"><img loading=\"lazy\" decoding=\"async\" width=\"1000\" height=\"563\" src=\"https:\/\/onehospital.mk\/wp-content\/uploads\/2023\/01\/7.png\" class=\"attachment-full size-full wp-image-5441\" alt=\"\" srcset=\"https:\/\/onehospital.mk\/wp-content\/uploads\/2023\/01\/7.png 1000w, https:\/\/onehospital.mk\/wp-content\/uploads\/2023\/01\/7-300x169.png 300w, https:\/\/onehospital.mk\/wp-content\/uploads\/2023\/01\/7-768x432.png 768w, https:\/\/onehospital.mk\/wp-content\/uploads\/2023\/01\/7-18x10.png 18w\" sizes=\"(max-width: 1000px) 100vw, 1000px\" \/><\/div>\n\t\t<\/a>\n\t\t\t\t<div class=\"elementor-post__text\">\n\t\t\t\t<h3 class=\"elementor-post__title\">\n\t\t\t<a href=\"https:\/\/onehospital.mk\/sq\/nje-spital-dhe-k-b-rabotnicki-score-i-madh-ne-shendet-dhe-mireqenie-me-ne\/\" >\n\t\t\t\tOne Hospital dhe K.B Rabotnicki: \u201cMe ne sh\u00ebnoni rezultate t\u00eb m\u00ebdha n\u00eb sh\u00ebndet dhe mir\u00ebqenie\u201d\t\t\t<\/a>\n\t\t<\/h3>\n\t\t\t\t<\/div>\n\t\t\t\t<\/article>\n\t\t\t\t<article class=\"elementor-post elementor-grid-item post-154 post type-post status-publish format-standard has-post-thumbnail hentry category-aesthetic-dentistry-with-implantology-and-prosthetic-rehabilitation-news category-anesthesiology-news category-biochemical-laboratory-news category-orthodontics-news category-general-surgery-news category-gynecology-news category-internal-medicine-news category-neurology-news category-news category-nutritionism-news category-occupational-medicine-news category-orthopedics-and-traumatology-news category-pediatrics-news category-plastic-reconstructive-and-aesthetic-surgery-news category-radiology-news category-rheumatology-news\">\n\t\t\t\t<a class=\"elementor-post__thumbnail__link\" href=\"https:\/\/onehospital.mk\/sq\/intra-articular-applications\/\" tabindex=\"-1\" >\n\t\t\t<div class=\"elementor-post__thumbnail\"><img loading=\"lazy\" decoding=\"async\" width=\"326\" height=\"200\" src=\"https:\/\/onehospital.mk\/wp-content\/uploads\/2021\/06\/lajm3.png\" class=\"attachment-full size-full wp-image-155\" alt=\"\" srcset=\"https:\/\/onehospital.mk\/wp-content\/uploads\/2021\/06\/lajm3.png 326w, https:\/\/onehospital.mk\/wp-content\/uploads\/2021\/06\/lajm3-300x184.png 300w\" sizes=\"(max-width: 326px) 100vw, 326px\" \/><\/div>\n\t\t<\/a>\n\t\t\t\t<div class=\"elementor-post__text\">\n\t\t\t\t<h3 class=\"elementor-post__title\">\n\t\t\t<a href=\"https:\/\/onehospital.mk\/sq\/intra-articular-applications\/\" >\n\t\t\t\tIntra-articular applications\t\t\t<\/a>\n\t\t<\/h3>\n\t\t\t\t<\/div>\n\t\t\t\t<\/article>\n\t\t\t\t<article class=\"elementor-post elementor-grid-item post-151 post type-post status-publish format-standard has-post-thumbnail hentry category-aesthetic-dentistry-with-implantology-and-prosthetic-rehabilitation-news category-anesthesiology-news category-biochemical-laboratory-news category-orthodontics-news category-general-surgery-news category-gynecology-news category-internal-medicine-news category-neurology-news category-news category-nutritionism-news category-occupational-medicine-news category-orthopedics-and-traumatology-news category-pediatrics-news category-plastic-reconstructive-and-aesthetic-surgery-news category-radiology-news category-rheumatology-news\">\n\t\t\t\t<a class=\"elementor-post__thumbnail__link\" href=\"https:\/\/onehospital.mk\/sq\/treatment-of-carpal-tunnel-syndrome\/\" tabindex=\"-1\" >\n\t\t\t<div class=\"elementor-post__thumbnail\"><img loading=\"lazy\" decoding=\"async\" width=\"326\" height=\"200\" src=\"https:\/\/onehospital.mk\/wp-content\/uploads\/2021\/06\/lajm2.png\" class=\"attachment-full size-full wp-image-152\" alt=\"\" srcset=\"https:\/\/onehospital.mk\/wp-content\/uploads\/2021\/06\/lajm2.png 326w, https:\/\/onehospital.mk\/wp-content\/uploads\/2021\/06\/lajm2-300x184.png 300w\" sizes=\"(max-width: 326px) 100vw, 326px\" \/><\/div>\n\t\t<\/a>\n\t\t\t\t<div class=\"elementor-post__text\">\n\t\t\t\t<h3 class=\"elementor-post__title\">\n\t\t\t<a href=\"https:\/\/onehospital.mk\/sq\/treatment-of-carpal-tunnel-syndrome\/\" >\n\t\t\t\tTreatment of carpal tunnel syndrome\t\t\t<\/a>\n\t\t<\/h3>\n\t\t\t\t<\/div>\n\t\t\t\t<\/article>\n\t\t\t\t<\/div>\n\t\t\n\t\t\t\t<\/div>\n\t\t\t\t<\/div>\n\t\t\t\t\t<\/div>\n\t\t<\/div>\n\t\t\t\t\t\t\t<\/div>\n\t\t<\/section>\n\t\t\t\t\t\t\t<\/div>","protected":false},"excerpt":{"rendered":"<p>Biochemical Laboratory The quality of the laboratory results is a key basis for establishing an appropriate diagnosis and appropriate treatment for the patient. The quality<\/p>","protected":false},"author":4,"featured_media":1358,"parent":27,"menu_order":0,"comment_status":"closed","ping_status":"closed","template":"","meta":{"inline_featured_image":false,"footnotes":""},"class_list":["post-2253","page","type-page","status-publish","has-post-thumbnail","hentry"],"acf":[],"yoast_head":"<!-- This site is optimized with the Yoast SEO plugin v21.6 - https:\/\/yoast.com\/wordpress\/plugins\/seo\/ -->\n<title>Biochemical Laboratory - One Hospital<\/title>\n<meta name=\"robots\" content=\"index, follow, max-snippet:-1, max-image-preview:large, max-video-preview:-1\" \/>\n<link rel=\"canonical\" href=\"https:\/\/onehospital.mk\/sq\/departamentet\/biochemical-laboratory\/\" \/>\n<meta property=\"og:locale\" content=\"sq_AL\" \/>\n<meta property=\"og:type\" content=\"article\" \/>\n<meta property=\"og:title\" content=\"Biochemical Laboratory - One Hospital\" \/>\n<meta property=\"og:description\" content=\"Biochemical Laboratory The quality of the laboratory results is a key basis for establishing an appropriate diagnosis and appropriate treatment for the patient. The quality\" \/>\n<meta property=\"og:url\" content=\"https:\/\/onehospital.mk\/sq\/departamentet\/biochemical-laboratory\/\" \/>\n<meta property=\"og:site_name\" content=\"One Hospital\" \/>\n<meta property=\"article:publisher\" content=\"https:\/\/www.facebook.com\/onehospitalmk\" \/>\n<meta property=\"article:modified_time\" content=\"2021-08-30T10:41:33+00:00\" \/>\n<meta property=\"og:image\" content=\"https:\/\/onehospital.mk\/wp-content\/uploads\/2021\/07\/07_Biochemical-Laboratory.jpg\" \/>\n\t<meta property=\"og:image:width\" content=\"1620\" \/>\n\t<meta property=\"og:image:height\" content=\"1080\" \/>\n\t<meta property=\"og:image:type\" content=\"image\/jpeg\" \/>\n<meta name=\"twitter:card\" content=\"summary_large_image\" \/>\n<meta name=\"twitter:label1\" content=\"Est. reading time\" \/>\n\t<meta name=\"twitter:data1\" content=\"2 minuta\" \/>\n<script type=\"application\/ld+json\" class=\"yoast-schema-graph\">{\"@context\":\"https:\/\/schema.org\",\"@graph\":[{\"@type\":\"WebPage\",\"@id\":\"https:\/\/onehospital.mk\/departments\/biochemical-laboratory\/\",\"url\":\"https:\/\/onehospital.mk\/departments\/biochemical-laboratory\/\",\"name\":\"Biochemical Laboratory - One Hospital\",\"isPartOf\":{\"@id\":\"https:\/\/onehospital.mk\/#website\"},\"datePublished\":\"2021-08-05T13:34:43+00:00\",\"dateModified\":\"2021-08-30T10:41:33+00:00\",\"breadcrumb\":{\"@id\":\"https:\/\/onehospital.mk\/departments\/biochemical-laboratory\/#breadcrumb\"},\"inLanguage\":\"sq\",\"potentialAction\":[{\"@type\":\"ReadAction\",\"target\":[\"https:\/\/onehospital.mk\/departments\/biochemical-laboratory\/\"]}]},{\"@type\":\"BreadcrumbList\",\"@id\":\"https:\/\/onehospital.mk\/departments\/biochemical-laboratory\/#breadcrumb\",\"itemListElement\":[{\"@type\":\"ListItem\",\"position\":1,\"name\":\"Home\",\"item\":\"https:\/\/onehospital.mk\/\"},{\"@type\":\"ListItem\",\"position\":2,\"name\":\"Departments\",\"item\":\"https:\/\/onehospital.mk\/departments\/\"},{\"@type\":\"ListItem\",\"position\":3,\"name\":\"Biochemical Laboratory\"}]},{\"@type\":\"WebSite\",\"@id\":\"https:\/\/onehospital.mk\/#website\",\"url\":\"https:\/\/onehospital.mk\/\",\"name\":\"One Hospital\",\"description\":\"at any time for you!\",\"potentialAction\":[{\"@type\":\"SearchAction\",\"target\":{\"@type\":\"EntryPoint\",\"urlTemplate\":\"https:\/\/onehospital.mk\/?s={search_term_string}\"},\"query-input\":\"required name=search_term_string\"}],\"inLanguage\":\"sq\"}]}<\/script>\n<!-- \/ Yoast SEO plugin. -->","yoast_head_json":{"title":"Biochemical Laboratory - One Hospital","robots":{"index":"index","follow":"follow","max-snippet":"max-snippet:-1","max-image-preview":"max-image-preview:large","max-video-preview":"max-video-preview:-1"},"canonical":"https:\/\/onehospital.mk\/sq\/departamentet\/biochemical-laboratory\/","og_locale":"sq_AL","og_type":"article","og_title":"Biochemical Laboratory - One Hospital","og_description":"Biochemical Laboratory The quality of the laboratory results is a key basis for establishing an appropriate diagnosis and appropriate treatment for the patient. The quality","og_url":"https:\/\/onehospital.mk\/sq\/departamentet\/biochemical-laboratory\/","og_site_name":"One Hospital","article_publisher":"https:\/\/www.facebook.com\/onehospitalmk","article_modified_time":"2021-08-30T10:41:33+00:00","og_image":[{"width":1620,"height":1080,"url":"https:\/\/onehospital.mk\/wp-content\/uploads\/2021\/07\/07_Biochemical-Laboratory.jpg","type":"image\/jpeg"}],"twitter_card":"summary_large_image","twitter_misc":{"Est. reading time":"2 minuta"},"schema":{"@context":"https:\/\/schema.org","@graph":[{"@type":"WebPage","@id":"https:\/\/onehospital.mk\/departments\/biochemical-laboratory\/","url":"https:\/\/onehospital.mk\/departments\/biochemical-laboratory\/","name":"Biochemical Laboratory - One Hospital","isPartOf":{"@id":"https:\/\/onehospital.mk\/#website"},"datePublished":"2021-08-05T13:34:43+00:00","dateModified":"2021-08-30T10:41:33+00:00","breadcrumb":{"@id":"https:\/\/onehospital.mk\/departments\/biochemical-laboratory\/#breadcrumb"},"inLanguage":"sq","potentialAction":[{"@type":"ReadAction","target":["https:\/\/onehospital.mk\/departments\/biochemical-laboratory\/"]}]},{"@type":"BreadcrumbList","@id":"https:\/\/onehospital.mk\/departments\/biochemical-laboratory\/#breadcrumb","itemListElement":[{"@type":"ListItem","position":1,"name":"Home","item":"https:\/\/onehospital.mk\/"},{"@type":"ListItem","position":2,"name":"Departments","item":"https:\/\/onehospital.mk\/departments\/"},{"@type":"ListItem","position":3,"name":"Biochemical Laboratory"}]},{"@type":"WebSite","@id":"https:\/\/onehospital.mk\/#website","url":"https:\/\/onehospital.mk\/","name":"One Hospital","description":"at any time for you!","potentialAction":[{"@type":"SearchAction","target":{"@type":"EntryPoint","urlTemplate":"https:\/\/onehospital.mk\/?s={search_term_string}"},"query-input":"required name=search_term_string"}],"inLanguage":"sq"}]}},"_links":{"self":[{"href":"https:\/\/onehospital.mk\/sq\/wp-json\/wp\/v2\/pages\/2253","targetHints":{"allow":["GET"]}}],"collection":[{"href":"https:\/\/onehospital.mk\/sq\/wp-json\/wp\/v2\/pages"}],"about":[{"href":"https:\/\/onehospital.mk\/sq\/wp-json\/wp\/v2\/types\/page"}],"author":[{"embeddable":true,"href":"https:\/\/onehospital.mk\/sq\/wp-json\/wp\/v2\/users\/4"}],"replies":[{"embeddable":true,"href":"https:\/\/onehospital.mk\/sq\/wp-json\/wp\/v2\/comments?post=2253"}],"version-history":[{"count":13,"href":"https:\/\/onehospital.mk\/sq\/wp-json\/wp\/v2\/pages\/2253\/revisions"}],"predecessor-version":[{"id":2900,"href":"https:\/\/onehospital.mk\/sq\/wp-json\/wp\/v2\/pages\/2253\/revisions\/2900"}],"up":[{"embeddable":true,"href":"https:\/\/onehospital.mk\/sq\/wp-json\/wp\/v2\/pages\/27"}],"wp:featuredmedia":[{"embeddable":true,"href":"https:\/\/onehospital.mk\/sq\/wp-json\/wp\/v2\/media\/1358"}],"wp:attachment":[{"href":"https:\/\/onehospital.mk\/sq\/wp-json\/wp\/v2\/media?parent=2253"}],"curies":[{"name":"wp","href":"https:\/\/api.w.org\/{rel}","templated":true}]}}